{"id":19,"date":"2017-03-10T15:19:48","date_gmt":"2017-03-10T14:19:48","guid":{"rendered":"http:\/\/s433816251.online.de\/web\/danceexplosion\/?page_id=19"},"modified":"2020-02-09T23:03:01","modified_gmt":"2020-02-09T22:03:01","slug":"teilnahmebedingungen","status":"publish","type":"page","link":"https:\/\/www.dance-explosion.de\/fr\/teilnahmebedingungen\/","title":{"rendered":"Teilnahmebedingungen &#8211; Crews"},"content":{"rendered":"<ul>\n<li>Alle Tanzrichtungen sind erlaubt.<\/li>\n<li>Jeder T\u00e4nzer*in darf nur einmal pro Kategorie an den Start gehen.<\/li>\n<li>Eine Tanzgruppe muss aus mindestens 3 und darf maximal aus 25 T\u00e4nzern bestehen.<\/li>\n<li>Die angemeldete Anzahl der T\u00e4nzer*innen einer Crew bleibt im gesamten Wettbewerb bestehen, d. h. wenn eine Crew ins Finale kommt, tritt sie mit der selben Formation (Anzahl) wie im Vorentscheid an. Die einzige Ausnahme ist der Ausfall von T\u00e4nzer*innen durch Verletzung im laufenden Wettbewerb. In diesem Fall darf eine Gruppe auch mit weniger T\u00e4nzer*innen im Finale antreten. Sollte sich die Anzahl der T\u00e4nzer*innen nach Anmeldung und vor Beginn der Veranstaltung \u00e4ndern, muss dies per E-Mail mitgeteilt werden.<\/li>\n<li>Die Performance soll mindestens 2:00 Minuten und darf maximal 7:00 Minuten lang sein. Eine Zeit\u00fcberschreitung, sowie \u2013 unterschreitung f\u00fchrt zum Punkteabzug.<\/li>\n<li>Der Musikmix sowie die Choreographie darf im Finale von der Performance in der Vorrunde abweichen.<\/li>\n<li>Die Musik (mp3-Datei) sowie ein Bild und Infos zur Gruppe m\u00fcssen per Mail rechtzeitig eingereicht werden.\u00a0 Es liegt in der Verantwortung der Gruppe, sicherzustellen, dass die Musik als mp3 hinsichtlich der L\u00e4nge und Qualit\u00e4t vor Einreichung \u00fcberpr\u00fcft wurde. Die E-Mail-Adresse zur \u00dcbersendungen der Daten und Informationen wird mit der Teilnahmebest\u00e4tigung bekannt gegeben.<\/li>\n<li>Die B\u00fchnengr\u00f6\u00dfe betr\u00e4gt 17m (B\u00fchnenbreite) x 12m (B\u00fchnentiefe).<\/li>\n<li>Die Teilnahme ist f\u00fcr alle Crews, die auch bei internationalen und nationale Wettbewerben und Meisterschaften antreten, erlaubt. Ziel unserer Veranstaltung ist die Begegnung und Vielfalt verschiedener junger Tanzkulturen ohne kommerziellen Hintergrund.<\/li>\n<li>Im Vorfeld der Veranstaltung muss mitgeteilt werden, ob es sich bei der dargebotenen Choreographie um eine lizenzierte oder eigene Choreographie handelt.<\/li>\n<li>Die Veranstaltung soll harmonisch verlaufen. Ausschreitungen jeglicher Art unterhalb der Gruppen und dem Publikum f\u00fchrt zur Disqualifikation.<\/li>\n<li>Pro Team darf ein Betreuer die T\u00e4nzer sowie eine Betreuerin die T\u00e4nzerinnen der Crew im Backstagebereich begleiten und betreuen. Alle weiteren Begleitpersonen m\u00fcssen beim Einlass den regul\u00e4ren Eintrittspreis bezahlen.<\/li>\n<li>Zutritt zum Backstagebereich ist nur f\u00fcr die Team-Mitglieder*innen und Betreuer*innen erlaubt.<\/li>\n<\/ul>\n<p>Stand: 01.02.2020<\/p>\n","protected":false},"excerpt":{"rendered":"<p>Alle Tanzrichtungen sind erlaubt. Jeder T\u00e4nzer*in darf nur einmal pro Kategorie an den Start gehen. Eine Tanzgruppe muss aus mindestens 3 und darf maximal aus 25 T\u00e4nzern bestehen. Die angemeldete Anzahl der T\u00e4nzer*innen einer Crew bleibt im gesamten Wettbewerb bestehen, d. h. wenn eine Crew ins Finale kommt, tritt sie mit der selben Formation (Anzahl) [&hellip;]<\/p>\n","protected":false},"author":1,"featured_media":0,"parent":0,"menu_order":0,"comment_status":"closed","ping_status":"closed","template":"","meta":{"ocean_post_layout":"","ocean_both_sidebars_style":"","ocean_both_sidebars_content_width":0,"ocean_both_sidebars_sidebars_width":0,"ocean_sidebar":"","ocean_second_sidebar":"","ocean_disable_margins":"enable","ocean_add_body_class":"","ocean_shortcode_before_top_bar":"","ocean_shortcode_after_top_bar":"","ocean_shortcode_before_header":"","ocean_shortcode_after_header":"","ocean_has_shortcode":"","ocean_shortcode_after_title":"","ocean_shortcode_before_footer_widgets":"","ocean_shortcode_after_footer_widgets":"","ocean_shortcode_before_footer_bottom":"","ocean_shortcode_after_footer_bottom":"","ocean_display_top_bar":"default","ocean_display_header":"default","ocean_header_style":"","ocean_center_header_left_menu":"","ocean_custom_header_template":"","ocean_custom_logo":0,"ocean_custom_retina_logo":0,"ocean_custom_logo_max_width":0,"ocean_custom_logo_tablet_max_width":0,"ocean_custom_logo_mobile_max_width":0,"ocean_custom_logo_max_height":0,"ocean_custom_logo_tablet_max_height":0,"ocean_custom_logo_mobile_max_height":0,"ocean_header_custom_menu":"","ocean_menu_typo_font_family":"","ocean_menu_typo_font_subset":"","ocean_menu_typo_font_size":0,"ocean_menu_typo_font_size_tablet":0,"ocean_menu_typo_font_size_mobile":0,"ocean_menu_typo_font_size_unit":"px","ocean_menu_typo_font_weight":"","ocean_menu_typo_font_weight_tablet":"","ocean_menu_typo_font_weight_mobile":"","ocean_menu_typo_transform":"","ocean_menu_typo_transform_tablet":"","ocean_menu_typo_transform_mobile":"","ocean_menu_typo_line_height":0,"ocean_menu_typo_line_height_tablet":0,"ocean_menu_typo_line_height_mobile":0,"ocean_menu_typo_line_height_unit":"","ocean_menu_typo_spacing":0,"ocean_menu_typo_spacing_tablet":0,"ocean_menu_typo_spacing_mobile":0,"ocean_menu_typo_spacing_unit":"","ocean_menu_link_color":"","ocean_menu_link_color_hover":"","ocean_menu_link_color_active":"","ocean_menu_link_background":"","ocean_menu_link_hover_background":"","ocean_menu_link_active_background":"","ocean_menu_social_links_bg":"","ocean_menu_social_hover_links_bg":"","ocean_menu_social_links_color":"","ocean_menu_social_hover_links_color":"","ocean_disable_title":"default","ocean_disable_heading":"default","ocean_post_title":"","ocean_post_subheading":"","ocean_post_title_style":"","ocean_post_title_background_color":"","ocean_post_title_background":0,"ocean_post_title_bg_image_position":"","ocean_post_title_bg_image_attachment":"","ocean_post_title_bg_image_repeat":"","ocean_post_title_bg_image_size":"","ocean_post_title_height":0,"ocean_post_title_bg_overlay":0.5,"ocean_post_title_bg_overlay_color":"","ocean_disable_breadcrumbs":"default","ocean_breadcrumbs_color":"","ocean_breadcrumbs_separator_color":"","ocean_breadcrumbs_links_color":"","ocean_breadcrumbs_links_hover_color":"","ocean_display_footer_widgets":"default","ocean_display_footer_bottom":"default","ocean_custom_footer_template":"","footnotes":""},"class_list":["post-19","page","type-page","status-publish","hentry","entry"],"translation":{"provider":"WPGlobus","version":"3.0.2","language":"fr","enabled_languages":["de","fr"],"languages":{"de":{"title":true,"content":true,"excerpt":false},"fr":{"title":false,"content":false,"excerpt":false}}},"_links":{"self":[{"href":"https:\/\/www.dance-explosion.de\/fr\/wp-json\/wp\/v2\/pages\/19","targetHints":{"allow":["GET"]}}],"collection":[{"href":"https:\/\/www.dance-explosion.de\/fr\/wp-json\/wp\/v2\/pages"}],"about":[{"href":"https:\/\/www.dance-explosion.de\/fr\/wp-json\/wp\/v2\/types\/page"}],"author":[{"embeddable":true,"href":"https:\/\/www.dance-explosion.de\/fr\/wp-json\/wp\/v2\/users\/1"}],"replies":[{"embeddable":true,"href":"https:\/\/www.dance-explosion.de\/fr\/wp-json\/wp\/v2\/comments?post=19"}],"version-history":[{"count":18,"href":"https:\/\/www.dance-explosion.de\/fr\/wp-json\/wp\/v2\/pages\/19\/revisions"}],"predecessor-version":[{"id":574,"href":"https:\/\/www.dance-explosion.de\/fr\/wp-json\/wp\/v2\/pages\/19\/revisions\/574"}],"wp:attachment":[{"href":"https:\/\/www.dance-explosion.de\/fr\/wp-json\/wp\/v2\/media?parent=19"}],"curies":[{"name":"wp","href":"https:\/\/api.w.org\/{rel}","templated":true}]}}