{"id":21,"date":"2017-03-10T15:20:04","date_gmt":"2017-03-10T14:20:04","guid":{"rendered":"http:\/\/s433816251.online.de\/web\/danceexplosion\/?page_id=21"},"modified":"2017-08-04T11:29:35","modified_gmt":"2017-08-04T09:29:35","slug":"bewertungskriterien","status":"publish","type":"page","link":"https:\/\/www.dance-explosion.de\/fr\/bewertungskriterien\/","title":{"rendered":"Bewertungskriterien"},"content":{"rendered":"<p>Die Juroren werden die teilnehmenden Tanzgruppen unter folgenden Kriterien bewerten:<\/p>\n<table border=\"0\" width=\"400\" cellspacing=\"0\" cellpadding=\"0\">\n<tbody>\n<tr>\n<td width=\"50%\"><strong>Originalit\u00e4t, Kreativit\u00e4t<\/strong><\/td>\n<td width=\"50%\">25 Punkte<\/td>\n<\/tr>\n<tr>\n<td><strong>Schritt- und Bewegungsvielfalt<\/strong><\/td>\n<td>15 Punkte<\/td>\n<\/tr>\n<tr>\n<td><strong>Ausf\u00fchrung<\/strong><\/td>\n<td>40 Punkte<\/td>\n<\/tr>\n<tr>\n<td><strong>Choreographie<\/strong><\/td>\n<td>15 Punkte<\/td>\n<\/tr>\n<tr>\n<td><strong>Publikums-Bonus<\/strong><\/td>\n<td>5 Punkte<\/td>\n<\/tr>\n<tr>\n<td><strong>Gesamtbewertung<\/strong><\/td>\n<td>100 Punkte<\/td>\n<\/tr>\n<\/tbody>\n<\/table>\n<table border=\"0\" width=\"500\" cellspacing=\"0\" cellpadding=\"0\">\n<tbody>\n<tr>\n<td bgcolor=\"#ebebeb\"><strong> 1. Originalit\u00e4t, Kreativit\u00e4t &#8211; 25 Punkte<\/strong><\/td>\n<\/tr>\n<tr>\n<td>Zu bewerten sind vor allem:<br \/>\n\u2022 eigene Ideenvielfalt<br \/>\n\u2022 \u00dcberraschungseffekte<br \/>\n\u2022 Phantasie<br \/>\n\u2022 Witz \u2013 Humor<br \/>\n\u2022 Dramatik<br \/>\n\u2022 Begeisterungswirkung<br \/>\n\u2022 K\u00f6rpersprache<\/td>\n<\/tr>\n<\/tbody>\n<\/table>\n<table border=\"0\" width=\"100%\" cellspacing=\"0\" cellpadding=\"0\">\n<tbody>\n<tr>\n<td bgcolor=\"#ebebeb\"><strong>2. Schritt- und Bewegungsvielfalt &#8211; 15 Punkte<\/strong><\/td>\n<\/tr>\n<tr>\n<td>Es sollten m\u00f6glichst viele verschiedene Schritte und Bewegungen im Tanz gezeigt werden. Anspruchsvolle Schrittkombinationen, koordinative F\u00e4higkeiten, Drehungen und Spr\u00fcnge f\u00fchren zu einer h\u00f6heren Bewertung. Sie m\u00fcssen ebenso zur Thematik und der Musik des Tanzes passen wie &#8220;gestellte Bilder&#8221;. Die Schwierigkeit verschiedener Stilarten muss beachtet werden.<\/td>\n<\/tr>\n<\/tbody>\n<\/table>\n<table border=\"0\" width=\"100%\" cellspacing=\"0\" cellpadding=\"0\">\n<tbody>\n<tr>\n<td bgcolor=\"#ebebeb\"><strong>3. Ausf\u00fchrung &#8211; 40 Punkte<\/strong><\/td>\n<\/tr>\n<tr>\n<td>Zu bewerten sind insbesondere:<br \/>\n\u2022 Gleichm\u00e4\u00dfigkeit \/ Synchronit\u00e4t<br \/>\n\u2022 exakte Ausf\u00fchrung von Schritten und Bewegungen<br \/>\n\u2022 gute Darstellung<br \/>\n\u2022 deutliche und saubere Ausf\u00fchrung choreographischer Bilder<br \/>\n\u2022 alle Schritte, Spr\u00fcnge und Bewegungen m\u00fcssen im Takt der Musik erfolgen<br \/>\n\u2022 Mimik und K\u00f6rpersprache m\u00fcssen der Thematik angemessen sein<br \/>\n\u2022 Die Techniken der unterschiedlichen Stilrichtungen m\u00fcssen sauber getanzt werden.<br \/>\n\u2022 Requisiten m\u00fcssen sinnvoll in den Tanz einbezogen sein.<\/td>\n<\/tr>\n<\/tbody>\n<\/table>\n<table border=\"0\" width=\"100%\" cellspacing=\"0\" cellpadding=\"0\">\n<tbody>\n<tr>\n<td bgcolor=\"#ebebeb\"><strong>4. Choreographie &#8211; 15 Punkte<\/strong><\/td>\n<\/tr>\n<tr>\n<td>Zu bewerten sind insbesondere:<br \/>\n\u2022 Gesamtaufbau des Tanzes<br \/>\n\u2022 nahtlose \u00dcberg\u00e4nge der Schrittfolgen und Bewegungsabl\u00e4ufe<br \/>\n\u2022 kreative Nutzung der B\u00fchnenfl\u00e4che \/ Raumaufteilung<br \/>\n\u2022 ideenreiche und effektvolle Formationen<br \/>\n\u2022 sinnvolle und attraktive Formationswechsel<br \/>\n\u2022 Ber\u00fccksichtigung des Leistungsverm\u00f6gens der Aktiven<br \/>\n\u2022 Wurde der Musikcharakter erkannt und richtig verarbeitet?<br \/>\n\u2022 Eine Kost\u00fcmver\u00e4nderung muss sinnvoll in den Tanz eingeplant sein und darf die Harmonie des Tanzes nicht st\u00f6ren.<\/td>\n<\/tr>\n<\/tbody>\n<\/table>\n<table border=\"0\" width=\"100%\" cellspacing=\"0\" cellpadding=\"0\">\n<tbody>\n<tr>\n<td bgcolor=\"#ebebeb\"><strong>5. Publikums-Bonus &#8211; 5 Punkte<\/strong><\/td>\n<\/tr>\n<tr>\n<td>Um ein rundes und publikumsnahes Ergebnis zu erzielen, werden wir durch Applaus-Lautst\u00e4rke, die teilnehmenden Gruppen bewerten. Diese 5 Bonuspunkte werden nur daf\u00fcr sorgen, die teilnehmenden Mannschaften von Platz 1 bis Platz 3 zu k\u00fcren.<\/td>\n<\/tr>\n<\/tbody>\n<\/table>\n<table border=\"0\" width=\"100%\" cellspacing=\"0\" cellpadding=\"0\">\n<tbody>\n<tr>\n<td bgcolor=\"#ebebeb\"><strong>Erl\u00e4uterung &#8211; Bewertung f\u00fcr Vorentscheidung<\/strong><\/td>\n<\/tr>\n<tr>\n<td><strong>Die Entscheidung der Juroren wird unter den o.g. Kriterien erfolgen.<br \/>\nDer Publikums-Bonus bleibt bei diesem Durchgang aus.<\/strong><\/td>\n<\/tr>\n<\/tbody>\n<\/table>\n<p>Die Gesamtbewertung &#8211; Vorentscheidung sieht wie folgt aus:<\/p>\n<table border=\"0\" width=\"400\" cellspacing=\"0\" cellpadding=\"0\">\n<tbody>\n<tr>\n<td width=\"50%\"><strong>Originalit\u00e4t, Kreativit\u00e4t<\/strong><\/td>\n<td width=\"50%\">25 Punkte<\/td>\n<\/tr>\n<tr>\n<td><strong>Schritt- und Bewegungsvielfalt<\/strong><\/td>\n<td>15 Punkte<\/td>\n<\/tr>\n<tr>\n<td><strong>Ausf\u00fchrung<\/strong><\/td>\n<td>40 Punkte<\/td>\n<\/tr>\n<tr>\n<td><strong>Choreographie<\/strong><\/td>\n<td>20 Punkte<\/td>\n<\/tr>\n<tr>\n<td><strong>Gesamtbewertung<\/strong><\/td>\n<td>100 Punkte<\/td>\n<\/tr>\n<\/tbody>\n<\/table>\n","protected":false},"excerpt":{"rendered":"<p>Die Juroren werden die teilnehmenden Tanzgruppen unter folgenden Kriterien bewerten: Originalit\u00e4t, Kreativit\u00e4t 25 Punkte Schritt- und Bewegungsvielfalt 15 Punkte Ausf\u00fchrung 40 Punkte Choreographie 15 Punkte Publikums-Bonus 5 Punkte Gesamtbewertung 100 Punkte 1. Originalit\u00e4t, Kreativit\u00e4t &#8211; 25 Punkte Zu bewerten sind vor allem: \u2022 eigene Ideenvielfalt \u2022 \u00dcberraschungseffekte \u2022 Phantasie \u2022 Witz \u2013 Humor \u2022 Dramatik [&hellip;]<\/p>\n","protected":false},"author":1,"featured_media":0,"parent":0,"menu_order":0,"comment_status":"closed","ping_status":"closed","template":"","meta":{"ocean_post_layout":"","ocean_both_sidebars_style":"","ocean_both_sidebars_content_width":0,"ocean_both_sidebars_sidebars_width":0,"ocean_sidebar":"","ocean_second_sidebar":"","ocean_disable_margins":"enable","ocean_add_body_class":"","ocean_shortcode_before_top_bar":"","ocean_shortcode_after_top_bar":"","ocean_shortcode_before_header":"","ocean_shortcode_after_header":"","ocean_has_shortcode":"","ocean_shortcode_after_title":"","ocean_shortcode_before_footer_widgets":"","ocean_shortcode_after_footer_widgets":"","ocean_shortcode_before_footer_bottom":"","ocean_shortcode_after_footer_bottom":"","ocean_display_top_bar":"default","ocean_display_header":"default","ocean_header_style":"","ocean_center_header_left_menu":"","ocean_custom_header_template":"","ocean_custom_logo":0,"ocean_custom_retina_logo":0,"ocean_custom_logo_max_width":0,"ocean_custom_logo_tablet_max_width":0,"ocean_custom_logo_mobile_max_width":0,"ocean_custom_logo_max_height":0,"ocean_custom_logo_tablet_max_height":0,"ocean_custom_logo_mobile_max_height":0,"ocean_header_custom_menu":"","ocean_menu_typo_font_family":"","ocean_menu_typo_font_subset":"","ocean_menu_typo_font_size":0,"ocean_menu_typo_font_size_tablet":0,"ocean_menu_typo_font_size_mobile":0,"ocean_menu_typo_font_size_unit":"px","ocean_menu_typo_font_weight":"","ocean_menu_typo_font_weight_tablet":"","ocean_menu_typo_font_weight_mobile":"","ocean_menu_typo_transform":"","ocean_menu_typo_transform_tablet":"","ocean_menu_typo_transform_mobile":"","ocean_menu_typo_line_height":0,"ocean_menu_typo_line_height_tablet":0,"ocean_menu_typo_line_height_mobile":0,"ocean_menu_typo_line_height_unit":"","ocean_menu_typo_spacing":0,"ocean_menu_typo_spacing_tablet":0,"ocean_menu_typo_spacing_mobile":0,"ocean_menu_typo_spacing_unit":"","ocean_menu_link_color":"","ocean_menu_link_color_hover":"","ocean_menu_link_color_active":"","ocean_menu_link_background":"","ocean_menu_link_hover_background":"","ocean_menu_link_active_background":"","ocean_menu_social_links_bg":"","ocean_menu_social_hover_links_bg":"","ocean_menu_social_links_color":"","ocean_menu_social_hover_links_color":"","ocean_disable_title":"default","ocean_disable_heading":"default","ocean_post_title":"","ocean_post_subheading":"","ocean_post_title_style":"","ocean_post_title_background_color":"","ocean_post_title_background":0,"ocean_post_title_bg_image_position":"","ocean_post_title_bg_image_attachment":"","ocean_post_title_bg_image_repeat":"","ocean_post_title_bg_image_size":"","ocean_post_title_height":0,"ocean_post_title_bg_overlay":0.5,"ocean_post_title_bg_overlay_color":"","ocean_disable_breadcrumbs":"default","ocean_breadcrumbs_color":"","ocean_breadcrumbs_separator_color":"","ocean_breadcrumbs_links_color":"","ocean_breadcrumbs_links_hover_color":"","ocean_display_footer_widgets":"default","ocean_display_footer_bottom":"default","ocean_custom_footer_template":"","footnotes":""},"class_list":["post-21","page","type-page","status-publish","hentry","entry"],"translation":{"provider":"WPGlobus","version":"3.0.2","language":"fr","enabled_languages":["de","fr"],"languages":{"de":{"title":true,"content":true,"excerpt":false},"fr":{"title":false,"content":false,"excerpt":false}}},"_links":{"self":[{"href":"https:\/\/www.dance-explosion.de\/fr\/wp-json\/wp\/v2\/pages\/21","targetHints":{"allow":["GET"]}}],"collection":[{"href":"https:\/\/www.dance-explosion.de\/fr\/wp-json\/wp\/v2\/pages"}],"about":[{"href":"https:\/\/www.dance-explosion.de\/fr\/wp-json\/wp\/v2\/types\/page"}],"author":[{"embeddable":true,"href":"https:\/\/www.dance-explosion.de\/fr\/wp-json\/wp\/v2\/users\/1"}],"replies":[{"embeddable":true,"href":"https:\/\/www.dance-explosion.de\/fr\/wp-json\/wp\/v2\/comments?post=21"}],"version-history":[{"count":3,"href":"https:\/\/www.dance-explosion.de\/fr\/wp-json\/wp\/v2\/pages\/21\/revisions"}],"predecessor-version":[{"id":155,"href":"https:\/\/www.dance-explosion.de\/fr\/wp-json\/wp\/v2\/pages\/21\/revisions\/155"}],"wp:attachment":[{"href":"https:\/\/www.dance-explosion.de\/fr\/wp-json\/wp\/v2\/media?parent=21"}],"curies":[{"name":"wp","href":"https:\/\/api.w.org\/{rel}","templated":true}]}}