{"id":2102,"date":"2025-09-18T14:41:07","date_gmt":"2025-09-18T12:41:07","guid":{"rendered":"https:\/\/www.dance-explosion.de\/?page_id=2102"},"modified":"2025-09-18T14:45:20","modified_gmt":"2025-09-18T12:45:20","slug":"teilnahmebedingungen-crew-duo-solo","status":"publish","type":"page","link":"https:\/\/www.dance-explosion.de\/fr\/teilnahmebedingungen-crew-duo-solo\/","title":{"rendered":"Teilnahmebedingungen"},"content":{"rendered":"\t\t<div data-elementor-type=\"wp-page\" data-elementor-id=\"2102\" class=\"elementor elementor-2102\">\n\t\t\t\t\t\t<section class=\"elementor-section elementor-top-section elementor-element elementor-element-6d696bca elementor-section-boxed elementor-section-height-default elementor-section-height-default\" data-id=\"6d696bca\" data-element_type=\"section\" data-e-type=\"section\">\n\t\t\t\t\t\t<div class=\"elementor-container elementor-column-gap-default\">\n\t\t\t\t\t<div class=\"elementor-column elementor-col-100 elementor-top-column elementor-element elementor-element-6d2c0884\" data-id=\"6d2c0884\" data-element_type=\"column\" data-e-type=\"column\">\n\t\t\t<div class=\"elementor-widget-wrap elementor-element-populated\">\n\t\t\t\t\t\t<div class=\"elementor-element elementor-element-43e4983 elementor-widget elementor-widget-heading\" data-id=\"43e4983\" data-element_type=\"widget\" data-e-type=\"widget\" data-widget_type=\"heading.default\">\n\t\t\t\t<div class=\"elementor-widget-container\">\n\t\t\t\t\t<h2 class=\"elementor-heading-title elementor-size-default\">Teilnahmebedingungen - Crew\/Duo\/Solo<\/h2>\t\t\t\t<\/div>\n\t\t\t\t<\/div>\n\t\t\t\t<div class=\"elementor-element elementor-element-129e5f9a elementor-widget elementor-widget-text-editor\" data-id=\"129e5f9a\" data-element_type=\"widget\" data-e-type=\"widget\" data-widget_type=\"text-editor.default\">\n\t\t\t\t<div class=\"elementor-widget-container\">\n\t\t\t\t\t\t\t\t\t<div id=\"elementor-tab-content-1874\" class=\"elementor-tab-content elementor-clearfix elementor-active\" role=\"region\" data-tab=\"4\" aria-labelledby=\"elementor-tab-title-1874\">\n<ul>\n<li>Alle Tanzrichtungen sind erlaubt.<\/li>\n<li>Ein Duo besteht aus 2 T\u00e4nzer:innen. Eine Crew muss aus mindestens 3 und darf maximal aus 25 T\u00e4nzer:innen bestehen.<\/li>\n<li>Das Mindestalter zur Teilnahme am Wettbewerb betr\u00e4gt 10 Jahre. Sollte ein:e T\u00e4nzer:in oder mehr einer Crew j\u00fcnger sein, ist eine Teilnahme im Einzefall m\u00f6glich, doch es muss im Vorfeld abgekl\u00e4rt werden.<\/li>\n<li>Die Startgeb\u00fchr pro T\u00e4nzer:in betr\u00e4gt 15 Euro. Der Betrag ist pro Teilnahme zu entrichten (in derselben oder einer anderen Kategorie).<\/li>\n<li>Die Performance muss mindestens 2:00 Minuten und darf maximal 5:00 Minuten lang sein. Eine Zeit\u00fcberschreitung, sowie \u2013 unterschreitung f\u00fchrt zu Punkteabzug.<\/li>\n<li>Die B\u00fchnengr\u00f6\u00dfe betr\u00e4gt 17m (B\u00fchnenbreite) x 12m (B\u00fchnentiefe).<\/li>\n<li>Die Musik (mp3-Datei) sowie ein Bild und Infos zum Solo\/Duo\/Crew m\u00fcssen per Mail rechtzeitig eingereicht werden. Es liegt in der Verantwortung der Solos\/Duos\/Crews, sicherzustellen, dass die Musik als mp3 hinsichtlich der L\u00e4nge und Qualit\u00e4t vor Einreichung \u00fcberpr\u00fcft wurde. Die E-Mail-Adresse zur \u00dcbersendungen der Daten und Informationen wird mit der Teilnahmebest\u00e4tigung bekannt gegeben.<\/li>\n<li>Der Musikmix sowie die Choreographie d\u00fcrfen im Finale von der Performance in der Vorrunde abweichen.<\/li>\n<li>Die angemeldete Anzahl der T\u00e4nzer:innen eines Duos \/ einer Crew bleibt im gesamten Wettbewerb bestehen, d. h. wenn ein Duo oder eine Crew ins Finale kommt, tritt sie mit derselben Formation (Anzahl) wie im Vorentscheid an. Die einzige Ausnahme ist der Ausfall von T\u00e4nzer:innen durch Verletzung im laufenden Wettbewerb. In diesem Fall darf eine Gruppe auch mit weniger T\u00e4nzer:innen im Finale antreten. Sollte sich die Anzahl der T\u00e4nzer:innen nach Anmeldung und vor Beginn der Veranstaltung \u00e4ndern, muss dies per E-Mail mitgeteilt werden.<\/li>\n<li>Eine Crew kann mit einer bestimmten Formation nur einmal pro Kategorie teilnehmen.<\/li>\n<li>Die Teilnahme ist f\u00fcr alle Solos\/Duos\/Crews, die auch bei internationalen und nationalen Wettbewerben und Meisterschaften antreten, erlaubt. Ziel unserer Veranstaltung ist die Begegnung und Vielfalt verschiedener junger Tanzkulturen ohne kommerziellen Hintergrund.<\/li>\n<li>Im Vorfeld der Veranstaltung muss mitgeteilt werden, ob es sich bei der dargebotenen Choreographie um eine lizenzierte oder eigene Choreographie handelt.<\/li>\n<li>Pro Crew (ausgenommen bei Solo und Duo) darf ein:e Begleiter:in die T\u00e4nzer:innen der Crew im Backstagebereich begleiten und betreuen. Ab einer Crewgr\u00f6\u00dfe von 10 T\u00e4nzer:innen, d\u00fcrfen es zwei Personen sein. Ab 20 T\u00e4nzer:innen sind es drei Personen. Alle weiteren Begleitpersonen m\u00fcssen beim Einlass den regul\u00e4ren Eintrittspreis bezahlen.<\/li>\n<li>Zutritt zum Backstagebereich ist nur f\u00fcr die T\u00e4nzer:innen und den Betreuer:innen erlaubt.<\/li>\n<\/ul>\n<p>Stand: 01.01.2025&nbsp;<\/p>\n<\/div>\t\t\t\t\t\t\t\t<\/div>\n\t\t\t\t<\/div>\n\t\t\t\t<div class=\"elementor-element elementor-element-ace02c3 elementor-widget elementor-widget-heading\" data-id=\"ace02c3\" data-element_type=\"widget\" data-e-type=\"widget\" data-widget_type=\"heading.default\">\n\t\t\t\t<div class=\"elementor-widget-container\">\n\t\t\t\t\t<h2 class=\"elementor-heading-title elementor-size-default\">Teilnahmebedingungen - All-Style-Battle (Solo)<\/h2>\t\t\t\t<\/div>\n\t\t\t\t<\/div>\n\t\t\t\t<div class=\"elementor-element elementor-element-a054574 elementor-widget elementor-widget-text-editor\" data-id=\"a054574\" data-element_type=\"widget\" data-e-type=\"widget\" data-widget_type=\"text-editor.default\">\n\t\t\t\t<div class=\"elementor-widget-container\">\n\t\t\t\t\t\t\t\t\t<div id=\"elementor-tab-content-6472\" class=\"elementor-tab-content elementor-clearfix elementor-active\" role=\"region\" data-tab=\"2\" aria-labelledby=\"elementor-tab-title-6472\">\n<ul>\n<li>Alle Tanzrichtungen sind erlaubt.<\/li>\n<li>Jede:r T\u00e4nzer:in darf nur einmal in der Kategorie \u201eAll-Style-Battle\u201c an den Start gehen.<\/li>\n<li>Die Startgeb\u00fchr pro T\u00e4nzer:in pro Kategorie betr\u00e4gt 15 Euro.<\/li>\n<li>Im All-Style-Battle werden keine Choreographien getanzt. Es handelt sich um eine Freestyle-Kategorie.<\/li>\n<li>In der PreSelection tanzen die Teilnehmenden 30 Sekunden, im Halbfinale 60 Sekunden und im Finale zwei Runden mit jeweils 60 Sekunden.<\/li>\n<li>Die Musik wird vom DJ bestimmt und abgespielt.<\/li>\n<li>Die B\u00fchnengr\u00f6\u00dfe betr\u00e4gt 17m (B\u00fchnenbreite) x 12m (B\u00fchnentiefe).<\/li>\n<li>Die Teilnahme ist f\u00fcr alle T\u00e4nzer:innen, die auch bei internationalen und nationalen Wettbewerben und Meisterschaften antreten, erlaubt. Ziel unserer Veranstaltung ist die Begegnung und Vielfalt verschiedener junger Tanzkulturen ohne kommerziellen Hintergrund.<\/li>\n<li>Zutritt zum Backstagebereich ist nur f\u00fcr die T\u00e4nzer:innen erlaubt.<\/li>\n<\/ul>\n<p>Stand: 01.01.2025<\/p>\n<\/div>\t\t\t\t\t\t\t\t<\/div>\n\t\t\t\t<\/div>\n\t\t\t\t\t<\/div>\n\t\t<\/div>\n\t\t\t\t\t<\/div>\n\t\t<\/section>\n\t\t\t\t<\/div>\n\t\t","protected":false},"excerpt":{"rendered":"<p>Teilnahmebedingungen &#8211; Crew\/Duo\/Solo Alle Tanzrichtungen sind erlaubt. Ein Duo besteht aus 2 T\u00e4nzer:innen. Eine Crew muss aus mindestens 3 und darf maximal aus 25 T\u00e4nzer:innen bestehen. Das Mindestalter zur Teilnahme am Wettbewerb betr\u00e4gt 10 Jahre. Sollte ein:e T\u00e4nzer:in oder mehr einer Crew j\u00fcnger sein, ist eine Teilnahme im Einzefall m\u00f6glich, doch es muss im Vorfeld [&hellip;]<\/p>\n","protected":false},"author":1,"featured_media":0,"parent":0,"menu_order":0,"comment_status":"closed","ping_status":"closed","template":"","meta":{"ocean_post_layout":"","ocean_both_sidebars_style":"","ocean_both_sidebars_content_width":0,"ocean_both_sidebars_sidebars_width":0,"ocean_sidebar":"","ocean_second_sidebar":"","ocean_disable_margins":"enable","ocean_add_body_class":"","ocean_shortcode_before_top_bar":"","ocean_shortcode_after_top_bar":"","ocean_shortcode_before_header":"","ocean_shortcode_after_header":"","ocean_has_shortcode":"","ocean_shortcode_after_title":"","ocean_shortcode_before_footer_widgets":"","ocean_shortcode_after_footer_widgets":"","ocean_shortcode_before_footer_bottom":"","ocean_shortcode_after_footer_bottom":"","ocean_display_top_bar":"default","ocean_display_header":"default","ocean_header_style":"","ocean_center_header_left_menu":"","ocean_custom_header_template":"","ocean_custom_logo":0,"ocean_custom_retina_logo":0,"ocean_custom_logo_max_width":0,"ocean_custom_logo_tablet_max_width":0,"ocean_custom_logo_mobile_max_width":0,"ocean_custom_logo_max_height":0,"ocean_custom_logo_tablet_max_height":0,"ocean_custom_logo_mobile_max_height":0,"ocean_header_custom_menu":"","ocean_menu_typo_font_family":"","ocean_menu_typo_font_subset":"","ocean_menu_typo_font_size":0,"ocean_menu_typo_font_size_tablet":0,"ocean_menu_typo_font_size_mobile":0,"ocean_menu_typo_font_size_unit":"px","ocean_menu_typo_font_weight":"","ocean_menu_typo_font_weight_tablet":"","ocean_menu_typo_font_weight_mobile":"","ocean_menu_typo_transform":"","ocean_menu_typo_transform_tablet":"","ocean_menu_typo_transform_mobile":"","ocean_menu_typo_line_height":0,"ocean_menu_typo_line_height_tablet":0,"ocean_menu_typo_line_height_mobile":0,"ocean_menu_typo_line_height_unit":"","ocean_menu_typo_spacing":0,"ocean_menu_typo_spacing_tablet":0,"ocean_menu_typo_spacing_mobile":0,"ocean_menu_typo_spacing_unit":"","ocean_menu_link_color":"","ocean_menu_link_color_hover":"","ocean_menu_link_color_active":"","ocean_menu_link_background":"","ocean_menu_link_hover_background":"","ocean_menu_link_active_background":"","ocean_menu_social_links_bg":"","ocean_menu_social_hover_links_bg":"","ocean_menu_social_links_color":"","ocean_menu_social_hover_links_color":"","ocean_disable_title":"default","ocean_disable_heading":"default","ocean_post_title":"","ocean_post_subheading":"","ocean_post_title_style":"","ocean_post_title_background_color":"","ocean_post_title_background":0,"ocean_post_title_bg_image_position":"","ocean_post_title_bg_image_attachment":"","ocean_post_title_bg_image_repeat":"","ocean_post_title_bg_image_size":"","ocean_post_title_height":0,"ocean_post_title_bg_overlay":0.5,"ocean_post_title_bg_overlay_color":"","ocean_disable_breadcrumbs":"default","ocean_breadcrumbs_color":"","ocean_breadcrumbs_separator_color":"","ocean_breadcrumbs_links_color":"","ocean_breadcrumbs_links_hover_color":"","ocean_display_footer_widgets":"default","ocean_display_footer_bottom":"default","ocean_custom_footer_template":"","footnotes":""},"class_list":["post-2102","page","type-page","status-publish","hentry","entry"],"translation":{"provider":"WPGlobus","version":"3.0.2","language":"fr","enabled_languages":["de","fr"],"languages":{"de":{"title":true,"content":true,"excerpt":false},"fr":{"title":false,"content":false,"excerpt":false}}},"_links":{"self":[{"href":"https:\/\/www.dance-explosion.de\/fr\/wp-json\/wp\/v2\/pages\/2102","targetHints":{"allow":["GET"]}}],"collection":[{"href":"https:\/\/www.dance-explosion.de\/fr\/wp-json\/wp\/v2\/pages"}],"about":[{"href":"https:\/\/www.dance-explosion.de\/fr\/wp-json\/wp\/v2\/types\/page"}],"author":[{"embeddable":true,"href":"https:\/\/www.dance-explosion.de\/fr\/wp-json\/wp\/v2\/users\/1"}],"replies":[{"embeddable":true,"href":"https:\/\/www.dance-explosion.de\/fr\/wp-json\/wp\/v2\/comments?post=2102"}],"version-history":[{"count":11,"href":"https:\/\/www.dance-explosion.de\/fr\/wp-json\/wp\/v2\/pages\/2102\/revisions"}],"predecessor-version":[{"id":2115,"href":"https:\/\/www.dance-explosion.de\/fr\/wp-json\/wp\/v2\/pages\/2102\/revisions\/2115"}],"wp:attachment":[{"href":"https:\/\/www.dance-explosion.de\/fr\/wp-json\/wp\/v2\/media?parent=2102"}],"curies":[{"name":"wp","href":"https:\/\/api.w.org\/{rel}","templated":true}]}}