{"id":25,"date":"2017-03-10T15:20:36","date_gmt":"2017-03-10T14:20:36","guid":{"rendered":"http:\/\/s433816251.online.de\/web\/danceexplosion\/?page_id=25"},"modified":"2020-02-01T17:21:41","modified_gmt":"2020-02-01T16:21:41","slug":"anmeldung-duo","status":"publish","type":"page","link":"https:\/\/www.dance-explosion.de\/fr\/anmeldung-duo\/","title":{"rendered":"Anmeldung &#8211; Duo"},"content":{"rendered":"<p>Um sich bei \u201eDance Explosion\u201c als Duo anzumelden, bitte das nachfolgende Onlineformular ausf\u00fcllen. Die Teilnehmeranzahl ist auf 15 Duos begrenzt. Bei gro\u00dfem Zuspruch entscheiden die Besucher der Internetseite der 2. Chance Saarland e.V. \u00fcber die Vergabe des letzten Platzes durch ein Online-Voting. Die Teilnahmegeb\u00fchr betr\u00e4gt 20.00 Euro pro Duo.<\/p>\n<p>Es k\u00f6nnen sich Duos jedes Tanzstiles, von Ballett \u00fcber Standard bis Hip-Hop, anmelden.<br \/>\nF\u00fcr die Anmeldung sind die <a href=\"http:\/\/s433816251.online.de\/web\/danceexplosion\/teilnahmebedingungen-duo\/\" target=\"_blank\" rel=\"noopener noreferrer\">Teilnahmebedingungen<\/a> zu beachten, die mit dem Abschicken der Anmeldung akzeptiert werden.<\/p>\n<p class=\"wpcf7-contact-form-not-found\"><strong>Error:<\/strong> Contact form not found.<\/p>\n","protected":false},"excerpt":{"rendered":"<p>Um sich bei \u201eDance Explosion\u201c als Duo anzumelden, bitte das nachfolgende Onlineformular ausf\u00fcllen. Die Teilnehmeranzahl ist auf 15 Duos begrenzt. Bei gro\u00dfem Zuspruch entscheiden die Besucher der Internetseite der 2. Chance Saarland e.V. \u00fcber die Vergabe des letzten Platzes durch ein Online-Voting. Die Teilnahmegeb\u00fchr betr\u00e4gt 20.00 Euro pro Duo. Es k\u00f6nnen sich Duos jedes Tanzstiles, [&hellip;]<\/p>\n","protected":false},"author":1,"featured_media":0,"parent":0,"menu_order":0,"comment_status":"closed","ping_status":"closed","template":"","meta":{"ocean_post_layout":"","ocean_both_sidebars_style":"","ocean_both_sidebars_content_width":0,"ocean_both_sidebars_sidebars_width":0,"ocean_sidebar":"","ocean_second_sidebar":"","ocean_disable_margins":"enable","ocean_add_body_class":"","ocean_shortcode_before_top_bar":"","ocean_shortcode_after_top_bar":"","ocean_shortcode_before_header":"","ocean_shortcode_after_header":"","ocean_has_shortcode":"","ocean_shortcode_after_title":"","ocean_shortcode_before_footer_widgets":"","ocean_shortcode_after_footer_widgets":"","ocean_shortcode_before_footer_bottom":"","ocean_shortcode_after_footer_bottom":"","ocean_display_top_bar":"default","ocean_display_header":"default","ocean_header_style":"","ocean_center_header_left_menu":"","ocean_custom_header_template":"","ocean_custom_logo":0,"ocean_custom_retina_logo":0,"ocean_custom_logo_max_width":0,"ocean_custom_logo_tablet_max_width":0,"ocean_custom_logo_mobile_max_width":0,"ocean_custom_logo_max_height":0,"ocean_custom_logo_tablet_max_height":0,"ocean_custom_logo_mobile_max_height":0,"ocean_header_custom_menu":"","ocean_menu_typo_font_family":"","ocean_menu_typo_font_subset":"","ocean_menu_typo_font_size":0,"ocean_menu_typo_font_size_tablet":0,"ocean_menu_typo_font_size_mobile":0,"ocean_menu_typo_font_size_unit":"px","ocean_menu_typo_font_weight":"","ocean_menu_typo_font_weight_tablet":"","ocean_menu_typo_font_weight_mobile":"","ocean_menu_typo_transform":"","ocean_menu_typo_transform_tablet":"","ocean_menu_typo_transform_mobile":"","ocean_menu_typo_line_height":0,"ocean_menu_typo_line_height_tablet":0,"ocean_menu_typo_line_height_mobile":0,"ocean_menu_typo_line_height_unit":"","ocean_menu_typo_spacing":0,"ocean_menu_typo_spacing_tablet":0,"ocean_menu_typo_spacing_mobile":0,"ocean_menu_typo_spacing_unit":"","ocean_menu_link_color":"","ocean_menu_link_color_hover":"","ocean_menu_link_color_active":"","ocean_menu_link_background":"","ocean_menu_link_hover_background":"","ocean_menu_link_active_background":"","ocean_menu_social_links_bg":"","ocean_menu_social_hover_links_bg":"","ocean_menu_social_links_color":"","ocean_menu_social_hover_links_color":"","ocean_disable_title":"default","ocean_disable_heading":"default","ocean_post_title":"","ocean_post_subheading":"","ocean_post_title_style":"","ocean_post_title_background_color":"","ocean_post_title_background":0,"ocean_post_title_bg_image_position":"","ocean_post_title_bg_image_attachment":"","ocean_post_title_bg_image_repeat":"","ocean_post_title_bg_image_size":"","ocean_post_title_height":0,"ocean_post_title_bg_overlay":0.5,"ocean_post_title_bg_overlay_color":"","ocean_disable_breadcrumbs":"default","ocean_breadcrumbs_color":"","ocean_breadcrumbs_separator_color":"","ocean_breadcrumbs_links_color":"","ocean_breadcrumbs_links_hover_color":"","ocean_display_footer_widgets":"default","ocean_display_footer_bottom":"default","ocean_custom_footer_template":"","footnotes":""},"class_list":["post-25","page","type-page","status-publish","hentry","entry"],"translation":{"provider":"WPGlobus","version":"3.0.2","language":"fr","enabled_languages":["de","fr"],"languages":{"de":{"title":true,"content":true,"excerpt":false},"fr":{"title":false,"content":false,"excerpt":false}}},"_links":{"self":[{"href":"https:\/\/www.dance-explosion.de\/fr\/wp-json\/wp\/v2\/pages\/25","targetHints":{"allow":["GET"]}}],"collection":[{"href":"https:\/\/www.dance-explosion.de\/fr\/wp-json\/wp\/v2\/pages"}],"about":[{"href":"https:\/\/www.dance-explosion.de\/fr\/wp-json\/wp\/v2\/types\/page"}],"author":[{"embeddable":true,"href":"https:\/\/www.dance-explosion.de\/fr\/wp-json\/wp\/v2\/users\/1"}],"replies":[{"embeddable":true,"href":"https:\/\/www.dance-explosion.de\/fr\/wp-json\/wp\/v2\/comments?post=25"}],"version-history":[{"count":9,"href":"https:\/\/www.dance-explosion.de\/fr\/wp-json\/wp\/v2\/pages\/25\/revisions"}],"predecessor-version":[{"id":542,"href":"https:\/\/www.dance-explosion.de\/fr\/wp-json\/wp\/v2\/pages\/25\/revisions\/542"}],"wp:attachment":[{"href":"https:\/\/www.dance-explosion.de\/fr\/wp-json\/wp\/v2\/media?parent=25"}],"curies":[{"name":"wp","href":"https:\/\/api.w.org\/{rel}","templated":true}]}}