{"id":33,"date":"2017-03-10T15:22:20","date_gmt":"2017-03-10T14:22:20","guid":{"rendered":"http:\/\/s433816251.online.de\/web\/danceexplosion\/?page_id=33"},"modified":"2024-02-28T16:27:19","modified_gmt":"2024-02-28T15:27:19","slug":"partner","status":"publish","type":"page","link":"https:\/\/www.dance-explosion.de\/fr\/partner\/","title":{"rendered":"Partner"},"content":{"rendered":"\t\t<div data-elementor-type=\"wp-page\" data-elementor-id=\"33\" class=\"elementor elementor-33\">\n\t\t\t\t\t\t<section class=\"elementor-section elementor-top-section elementor-element elementor-element-ee0ffb1 elementor-section-boxed elementor-section-height-default elementor-section-height-default\" data-id=\"ee0ffb1\" data-element_type=\"section\" data-e-type=\"section\">\n\t\t\t\t\t\t<div class=\"elementor-container elementor-column-gap-default\">\n\t\t\t\t\t<div class=\"elementor-column elementor-col-100 elementor-top-column elementor-element elementor-element-b7cb8be\" data-id=\"b7cb8be\" data-element_type=\"column\" data-e-type=\"column\">\n\t\t\t<div class=\"elementor-widget-wrap elementor-element-populated\">\n\t\t\t\t\t\t<div class=\"elementor-element elementor-element-e663038 elementor-widget elementor-widget-text-editor\" data-id=\"e663038\" data-element_type=\"widget\" data-e-type=\"widget\" data-widget_type=\"text-editor.default\">\n\t\t\t\t<div class=\"elementor-widget-container\">\n\t\t\t\t\t\t\t\t\t<p><strong>Die Dance Explosion 2024 wird vom Regionalverband Saarbr\u00fccken, Ministerium f\u00fcr Bildung und Kultur; Ministerium f\u00fcr Arbeit, Soziales, Frauen und Gesundheit, Sparkasse Saarbr\u00fccken \u2013 UNO, Saartoto und Ursapharm Engagement unterst\u00fctzt.<\/strong><\/p><p><strong><br \/>Unsere Partner und Unterst\u00fctzer der letzten Jahre<\/strong><\/p><ul type=\"disc\"><li><span lang=\"DE\">Ministerium f\u00fcr Soziales, Gesundheit, Frauen und Familie \u00a0\u00a0<\/span><\/li><li><span lang=\"DE\">Ministerium f\u00fcr Bildung und Kultur <\/span><\/li><li><span lang=\"DE\">Regionalverband Saarbr\u00fccken<\/span><\/li><li><span lang=\"DE\">Congress Centrum Saar (CCS)<\/span><\/li><li><span lang=\"DE\">PSD Bank RheinNeckarSaar<\/span><\/li><li><span lang=\"DE\">Aktion Mensch <\/span><\/li><li><span lang=\"DE\">Ursapharm Engagement<\/span><\/li><li><span lang=\"DE\">Herzenssache e.V. <\/span><\/li><li><span lang=\"DE\">AWO Saarland <\/span><\/li><li><span lang=\"DE\">UNO Sparkasse Saarbr\u00fccken<\/span><\/li><li><span lang=\"DE\">Tanzschule Euschen-Gebhardt<\/span><\/li><li><span lang=\"DE\">JUZ F\u00f6rsterstra\u00dfe<\/span><\/li><li><span lang=\"DE\">Die Firma Hightec<\/span><\/li><li><span lang=\"DE\">Rapid Fitnessstudio <\/span><\/li><\/ul>\t\t\t\t\t\t\t\t<\/div>\n\t\t\t\t<\/div>\n\t\t\t\t\t<\/div>\n\t\t<\/div>\n\t\t\t\t\t<\/div>\n\t\t<\/section>\n\t\t\t\t<\/div>\n\t\t","protected":false},"excerpt":{"rendered":"<p>Die Dance Explosion 2024 wird vom Regionalverband Saarbr\u00fccken, Ministerium f\u00fcr Bildung und Kultur; Ministerium f\u00fcr Arbeit, Soziales, Frauen und Gesundheit, Sparkasse Saarbr\u00fccken \u2013 UNO, Saartoto und Ursapharm Engagement unterst\u00fctzt. Unsere Partner und Unterst\u00fctzer der letzten Jahre Ministerium f\u00fcr Soziales, Gesundheit, Frauen und Familie \u00a0\u00a0 Ministerium f\u00fcr Bildung und Kultur Regionalverband Saarbr\u00fccken Congress Centrum Saar (CCS) [&hellip;]<\/p>\n","protected":false},"author":1,"featured_media":0,"parent":0,"menu_order":0,"comment_status":"closed","ping_status":"closed","template":"","meta":{"ocean_post_layout":"","ocean_both_sidebars_style":"","ocean_both_sidebars_content_width":0,"ocean_both_sidebars_sidebars_width":0,"ocean_sidebar":"","ocean_second_sidebar":"","ocean_disable_margins":"enable","ocean_add_body_class":"","ocean_shortcode_before_top_bar":"","ocean_shortcode_after_top_bar":"","ocean_shortcode_before_header":"","ocean_shortcode_after_header":"","ocean_has_shortcode":"","ocean_shortcode_after_title":"","ocean_shortcode_before_footer_widgets":"","ocean_shortcode_after_footer_widgets":"","ocean_shortcode_before_footer_bottom":"","ocean_shortcode_after_footer_bottom":"","ocean_display_top_bar":"default","ocean_display_header":"default","ocean_header_style":"","ocean_center_header_left_menu":"","ocean_custom_header_template":"","ocean_custom_logo":0,"ocean_custom_retina_logo":0,"ocean_custom_logo_max_width":0,"ocean_custom_logo_tablet_max_width":0,"ocean_custom_logo_mobile_max_width":0,"ocean_custom_logo_max_height":0,"ocean_custom_logo_tablet_max_height":0,"ocean_custom_logo_mobile_max_height":0,"ocean_header_custom_menu":"","ocean_menu_typo_font_family":"","ocean_menu_typo_font_subset":"","ocean_menu_typo_font_size":0,"ocean_menu_typo_font_size_tablet":0,"ocean_menu_typo_font_size_mobile":0,"ocean_menu_typo_font_size_unit":"px","ocean_menu_typo_font_weight":"","ocean_menu_typo_font_weight_tablet":"","ocean_menu_typo_font_weight_mobile":"","ocean_menu_typo_transform":"","ocean_menu_typo_transform_tablet":"","ocean_menu_typo_transform_mobile":"","ocean_menu_typo_line_height":0,"ocean_menu_typo_line_height_tablet":0,"ocean_menu_typo_line_height_mobile":0,"ocean_menu_typo_line_height_unit":"","ocean_menu_typo_spacing":0,"ocean_menu_typo_spacing_tablet":0,"ocean_menu_typo_spacing_mobile":0,"ocean_menu_typo_spacing_unit":"","ocean_menu_link_color":"","ocean_menu_link_color_hover":"","ocean_menu_link_color_active":"","ocean_menu_link_background":"","ocean_menu_link_hover_background":"","ocean_menu_link_active_background":"","ocean_menu_social_links_bg":"","ocean_menu_social_hover_links_bg":"","ocean_menu_social_links_color":"","ocean_menu_social_hover_links_color":"","ocean_disable_title":"default","ocean_disable_heading":"default","ocean_post_title":"","ocean_post_subheading":"","ocean_post_title_style":"","ocean_post_title_background_color":"","ocean_post_title_background":0,"ocean_post_title_bg_image_position":"","ocean_post_title_bg_image_attachment":"","ocean_post_title_bg_image_repeat":"","ocean_post_title_bg_image_size":"","ocean_post_title_height":0,"ocean_post_title_bg_overlay":0.5,"ocean_post_title_bg_overlay_color":"","ocean_disable_breadcrumbs":"default","ocean_breadcrumbs_color":"","ocean_breadcrumbs_separator_color":"","ocean_breadcrumbs_links_color":"","ocean_breadcrumbs_links_hover_color":"","ocean_display_footer_widgets":"default","ocean_display_footer_bottom":"default","ocean_custom_footer_template":"","footnotes":""},"class_list":["post-33","page","type-page","status-publish","hentry","entry"],"translation":{"provider":"WPGlobus","version":"3.0.2","language":"fr","enabled_languages":["de","fr"],"languages":{"de":{"title":true,"content":true,"excerpt":false},"fr":{"title":false,"content":false,"excerpt":false}}},"_links":{"self":[{"href":"https:\/\/www.dance-explosion.de\/fr\/wp-json\/wp\/v2\/pages\/33","targetHints":{"allow":["GET"]}}],"collection":[{"href":"https:\/\/www.dance-explosion.de\/fr\/wp-json\/wp\/v2\/pages"}],"about":[{"href":"https:\/\/www.dance-explosion.de\/fr\/wp-json\/wp\/v2\/types\/page"}],"author":[{"embeddable":true,"href":"https:\/\/www.dance-explosion.de\/fr\/wp-json\/wp\/v2\/users\/1"}],"replies":[{"embeddable":true,"href":"https:\/\/www.dance-explosion.de\/fr\/wp-json\/wp\/v2\/comments?post=33"}],"version-history":[{"count":16,"href":"https:\/\/www.dance-explosion.de\/fr\/wp-json\/wp\/v2\/pages\/33\/revisions"}],"predecessor-version":[{"id":1609,"href":"https:\/\/www.dance-explosion.de\/fr\/wp-json\/wp\/v2\/pages\/33\/revisions\/1609"}],"wp:attachment":[{"href":"https:\/\/www.dance-explosion.de\/fr\/wp-json\/wp\/v2\/media?parent=33"}],"curies":[{"name":"wp","href":"https:\/\/api.w.org\/{rel}","templated":true}]}}