{"id":665,"date":"2021-09-30T10:21:50","date_gmt":"2021-09-30T08:21:50","guid":{"rendered":"https:\/\/www.dance-explosion.de\/?page_id=665"},"modified":"2022-06-02T11:07:01","modified_gmt":"2022-06-02T09:07:01","slug":"dance-explosion-2021","status":"publish","type":"page","link":"https:\/\/www.dance-explosion.de\/fr\/dance-explosion-2021\/","title":{"rendered":"Dance Explosion 2021"},"content":{"rendered":"\t\t<div data-elementor-type=\"wp-page\" data-elementor-id=\"665\" class=\"elementor elementor-665\">\n\t\t\t\t\t\t<section class=\"elementor-section elementor-top-section elementor-element elementor-element-b1de3e3 elementor-section-boxed elementor-section-height-default elementor-section-height-default\" data-id=\"b1de3e3\" data-element_type=\"section\" data-e-type=\"section\">\n\t\t\t\t\t\t<div class=\"elementor-container elementor-column-gap-default\">\n\t\t\t\t\t<div class=\"elementor-column elementor-col-100 elementor-top-column elementor-element elementor-element-8136115\" data-id=\"8136115\" data-element_type=\"column\" data-e-type=\"column\">\n\t\t\t<div class=\"elementor-widget-wrap elementor-element-populated\">\n\t\t\t\t\t\t<div class=\"elementor-element elementor-element-09389be elementor-widget elementor-widget-text-editor\" data-id=\"09389be\" data-element_type=\"widget\" data-e-type=\"widget\" data-widget_type=\"text-editor.default\">\n\t\t\t\t<div class=\"elementor-widget-container\">\n\t\t\t\t\t\t\t\t\t<p><\/p>\n<p><strong>All-Style-Online-Dance-Battle (1 vs 1)\u00a0und Crews<\/strong>\u00a0<\/p>\n<p><\/p>\n<p>Die 2. Chance Saarland e.V. bringt eure Tanz-Skills\u00a0erneut\u00a0auf die Online-B\u00fchne\u00a0mit gro\u00dfem Live-Finale am 20. November in der Fancy Pop-Up Gallery Saarbr\u00fccken.\u00a0<\/p>\n<p><\/p>\n<p>Ab sofort k\u00f6nnt ihr euch f\u00fcr die\u00a0PreSelection\u00a0f\u00fcr das\u00a0All-Style-Online-Dance-Battle\u00a0im Rahmen der \u201cDance Explosion \u2013\u00a0Goes Europe\u201d\u00a0bewerben. Neben\u00a0dem\u00a0All-Style-Battle f\u00fcr Solot\u00e4nzer*innen (1\u00a0vs\u00a01), wird es\u00a0diesmal\u00a0auch ein Battle f\u00fcr Crews (Duo, Trio und Quad) geben.\u00a0<\/p>\n<p><\/p>\n<p>Beim 1vs1-Freestyle-Battle gibt es zwei Alterskategorien:\u00a0Juniorz\u00a0(10\u00a0\u2013 16 Jahre) und\u00a0Heroez\u00a0(16+ Jahre). Die Crews treten\u00a0mit ihrer\u00a0Choreografie\u00a0in einer gemeinsamen Kategorie an, unabh\u00e4ngig von der Anzahl der T\u00e4nzer*innen (2-4 pro\u00a0Crew) und des Alters (10+ Jahre).\u00a0\u00a0<br \/>Im gesamten Wettbewerb sind alle Tanzstile\u00a0erlaubt.\u00a0<\/p>\n<p><\/p>\n<p>Um teilzunehmen, brauchen wir von euch euer Tanzvideo, das von unseren Judges gesichtet wird, um zu entscheiden, ob ihr es in die\u00a0PreSelection\u00a0schafft.\u00a0Das Video mit eurer Tanzperformance muss folgende Kriterien erf\u00fcllen:\u00a0<\/p>\n<p><\/p>\n<ul class=\"wp-block-list\">\n<li>L\u00e4nge: 25-35 Sekunden (1v1-Battle) | 40-60 Sekunden (Crews)\u00a0<\/li>\n<li>Format: Querformat\u00a0<\/li>\n<li>Dateiformat: mp4\u00a0<\/li>\n<\/ul>\n<p><\/p>\n<p><strong>Bitte beachtet:\u00a0<\/strong>Das Video muss ohne Effekte in einem Take aufgenommen sein. Videos, die zu lang sind, werden automatisch von unserem System gek\u00fcrzt.\u00a0Achtet auch darauf, dass ihr f\u00fcr euer Video m\u00f6glichst lizenzfreie Musik verwendet, da die Videos sonst von Instagram gel\u00f6scht werden k\u00f6nnen.\u00a0<\/p>\n<p><\/p>\n<p>Das fertige Video k\u00f6nnt ihr\u00a0beispielsweise in\u00a0eure\u00a0Dropbox, Google Drive, YouTube, etc. hochladen und den Link\u00a0mit uns\u00a0teilen. Alternativ k\u00f6nnt ihr euer\u00a0Video auch \u00fcber\u00a0<a href=\"https:\/\/www.wetransfer.com\/\" target=\"_blank\" rel=\"noreferrer noopener\">WeTransfer<\/a>\u00a0direkt an uns per Mail (<a href=\"mailto:mail@2-c-s.de\" target=\"_blank\" rel=\"noreferrer noopener\">mail@2-c-s.de<\/a>) schicken.\u00a0\u00a0<br \/>\u00a0<br \/>Neben dem Videolink\u00a0sollte eure Mail noch folgende Informationen enthalten:\u00a0<\/p>\n<p><\/p>\n<ul class=\"wp-block-list\">\n<li>Name\u00a0| Crews: Alle Namen der T\u00e4nzer*innen\u00a0<\/li>\n<li>T\u00e4nzername |\u00a0Crewname\u00a0<\/li>\n<li>Alter mit Geburtsdatum | Crews: Alter aller T\u00e4nzer*innen\u00a0<\/li>\n<li>Foto\u00a0<\/li>\n<li>Link zu\u00a0eurem\u00a0Video\u00a0<\/li>\n<li>Bezeichnung des Tanzstils\u00a0<\/li>\n<\/ul>\n<p><\/p>\n<p>Einsendeschluss ist am 31. Oktober 2021. Pro Kategorie (Juniorz,\u00a0Heorez\u00a0und Crews) werden 12 Teilnehmende von der Jury f\u00fcr die\u00a0PreSelection\u00a0zugelassen.\u00a0<\/p>\n<p><\/p>\n<p>Die\u00a0PreSelection\u00a0startet\u00a0am\u00a01. November\u00a0auf Instagram mit Jury- und Publikumsabstimmung und das Finale\u00a0wird\u00a0am\u00a020.11.2021 als Live-Stream\u00a0online \u00fcbertragen.\u00a0<\/p>\n<p><\/p>\n<p>Beim 1vs1-Battle gibt es in jeder Kategorie\u00a0f\u00fcr den 1. Platz\u00a0ein Preisgeld in H\u00f6he von\u00a0<strong>300 Euro<\/strong>, bei den Crews betr\u00e4gt das Preisgeld\u00a0<strong>500 Euro.<\/strong>\u00a0<\/p>\n<p><\/p>\n<p>Die diesj\u00e4hrige Jury f\u00fcr die\u00a0PreSelection\u00a0setzt sich aus folgenden Judges zusammen: Moses\u00a0Mwanjelwa,\u00a0Big Base, The K., Volker Gebhardt, Mikel,\u00a0B-Girl Tina, B-Boy\u00a0Vink\u00a0und\u00a0Leonel.<\/p>\n<p><\/p>\n<p><strong>Hinweis:<\/strong> Das Finale am 20.11.2021 findet als Live-Veranstaltung in der Fancy Pop-Up Gallery in Saarbr\u00fccken statt. F\u00fcr die Finalist*innen k\u00f6nnen Reisekosten und \u00dcbernachtungskosten leider nicht \u00fcbernommen werden. Verpflegung wird allerdings gestellt.<\/p>\n<p>\u00a0<\/p>\t\t\t\t\t\t\t\t<\/div>\n\t\t\t\t<\/div>\n\t\t\t\t\t<\/div>\n\t\t<\/div>\n\t\t\t\t\t<\/div>\n\t\t<\/section>\n\t\t\t\t<\/div>\n\t\t","protected":false},"excerpt":{"rendered":"<p>All-Style-Online-Dance-Battle (1 vs 1) et&nbsp;Crews&nbsp; Nous mettons une sc\u00e8ne \u00e0 votre disposition pour vos performances de danse : la Dance Explosion. Cette ann\u00e9e, la grande finale aura lieu le 20 novembre \u00e0 Sarrebruck, \u00e0 la Fancy Pop-Up&nbsp;Gallery.&nbsp; D\u00e8s maintenant, vous pouvez candidater pour la&nbsp;pr\u00e9-s\u00e9lection&nbsp;du Battle&nbsp;\u00ab\u202fAll-Style 1 vs.\u202f1\u202f\u00bb.&nbsp;&nbsp;En plus de cela, il y aura aussi cette [&hellip;]<\/p>\n","protected":false},"author":1,"featured_media":0,"parent":0,"menu_order":0,"comment_status":"closed","ping_status":"closed","template":"","meta":{"ocean_post_layout":"","ocean_both_sidebars_style":"","ocean_both_sidebars_content_width":0,"ocean_both_sidebars_sidebars_width":0,"ocean_sidebar":"","ocean_second_sidebar":"","ocean_disable_margins":"enable","ocean_add_body_class":"","ocean_shortcode_before_top_bar":"","ocean_shortcode_after_top_bar":"","ocean_shortcode_before_header":"","ocean_shortcode_after_header":"","ocean_has_shortcode":"","ocean_shortcode_after_title":"","ocean_shortcode_before_footer_widgets":"","ocean_shortcode_after_footer_widgets":"","ocean_shortcode_before_footer_bottom":"","ocean_shortcode_after_footer_bottom":"","ocean_display_top_bar":"default","ocean_display_header":"default","ocean_header_style":"","ocean_center_header_left_menu":"","ocean_custom_header_template":"","ocean_custom_logo":0,"ocean_custom_retina_logo":0,"ocean_custom_logo_max_width":0,"ocean_custom_logo_tablet_max_width":0,"ocean_custom_logo_mobile_max_width":0,"ocean_custom_logo_max_height":0,"ocean_custom_logo_tablet_max_height":0,"ocean_custom_logo_mobile_max_height":0,"ocean_header_custom_menu":"","ocean_menu_typo_font_family":"","ocean_menu_typo_font_subset":"","ocean_menu_typo_font_size":0,"ocean_menu_typo_font_size_tablet":0,"ocean_menu_typo_font_size_mobile":0,"ocean_menu_typo_font_size_unit":"px","ocean_menu_typo_font_weight":"","ocean_menu_typo_font_weight_tablet":"","ocean_menu_typo_font_weight_mobile":"","ocean_menu_typo_transform":"","ocean_menu_typo_transform_tablet":"","ocean_menu_typo_transform_mobile":"","ocean_menu_typo_line_height":0,"ocean_menu_typo_line_height_tablet":0,"ocean_menu_typo_line_height_mobile":0,"ocean_menu_typo_line_height_unit":"","ocean_menu_typo_spacing":0,"ocean_menu_typo_spacing_tablet":0,"ocean_menu_typo_spacing_mobile":0,"ocean_menu_typo_spacing_unit":"","ocean_menu_link_color":"","ocean_menu_link_color_hover":"","ocean_menu_link_color_active":"","ocean_menu_link_background":"","ocean_menu_link_hover_background":"","ocean_menu_link_active_background":"","ocean_menu_social_links_bg":"","ocean_menu_social_hover_links_bg":"","ocean_menu_social_links_color":"","ocean_menu_social_hover_links_color":"","ocean_disable_title":"default","ocean_disable_heading":"default","ocean_post_title":"","ocean_post_subheading":"","ocean_post_title_style":"","ocean_post_title_background_color":"","ocean_post_title_background":0,"ocean_post_title_bg_image_position":"","ocean_post_title_bg_image_attachment":"","ocean_post_title_bg_image_repeat":"","ocean_post_title_bg_image_size":"","ocean_post_title_height":0,"ocean_post_title_bg_overlay":0.5,"ocean_post_title_bg_overlay_color":"","ocean_disable_breadcrumbs":"default","ocean_breadcrumbs_color":"","ocean_breadcrumbs_separator_color":"","ocean_breadcrumbs_links_color":"","ocean_breadcrumbs_links_hover_color":"","ocean_display_footer_widgets":"default","ocean_display_footer_bottom":"default","ocean_custom_footer_template":"","footnotes":""},"class_list":["post-665","page","type-page","status-publish","hentry","entry"],"translation":{"provider":"WPGlobus","version":"3.0.2","language":"fr","enabled_languages":["de","fr"],"languages":{"de":{"title":true,"content":true,"excerpt":false},"fr":{"title":true,"content":true,"excerpt":false}}},"_links":{"self":[{"href":"https:\/\/www.dance-explosion.de\/fr\/wp-json\/wp\/v2\/pages\/665","targetHints":{"allow":["GET"]}}],"collection":[{"href":"https:\/\/www.dance-explosion.de\/fr\/wp-json\/wp\/v2\/pages"}],"about":[{"href":"https:\/\/www.dance-explosion.de\/fr\/wp-json\/wp\/v2\/types\/page"}],"author":[{"embeddable":true,"href":"https:\/\/www.dance-explosion.de\/fr\/wp-json\/wp\/v2\/users\/1"}],"replies":[{"embeddable":true,"href":"https:\/\/www.dance-explosion.de\/fr\/wp-json\/wp\/v2\/comments?post=665"}],"version-history":[{"count":17,"href":"https:\/\/www.dance-explosion.de\/fr\/wp-json\/wp\/v2\/pages\/665\/revisions"}],"predecessor-version":[{"id":978,"href":"https:\/\/www.dance-explosion.de\/fr\/wp-json\/wp\/v2\/pages\/665\/revisions\/978"}],"wp:attachment":[{"href":"https:\/\/www.dance-explosion.de\/fr\/wp-json\/wp\/v2\/media?parent=665"}],"curies":[{"name":"wp","href":"https:\/\/api.w.org\/{rel}","templated":true}]}}